{"id":4228,"date":"2024-01-12T15:34:08","date_gmt":"2024-01-12T18:34:08","guid":{"rendered":"https:\/\/plantas.vysual.com.br\/?post_type=product&#038;p=4228"},"modified":"2024-01-12T15:38:50","modified_gmt":"2024-01-12T18:38:50","slug":"criptocorine-nurry","status":"publish","type":"product","link":"https:\/\/plantas.vysual.com.br\/index.php\/product\/criptocorine-nurry\/","title":{"rendered":"CRIPTOCORINE NURRY"},"content":{"rendered":"<div class=\"elementor-element elementor-element-c7a40dd elementor-drop-cap-yes elementor-drop-cap-view-default elementor-widget elementor-widget-text-editor\" data-id=\"c7a40dd\" data-element_type=\"widget\" data-settings=\"{&quot;drop_cap&quot;:&quot;yes&quot;}\" data-widget_type=\"text-editor.default\">\n<div class=\"elementor-widget-container\">\n<p>Planta relativamente dif\u00edcil de cultivo em aqu\u00e1rios, n\u00e3o tolera Kh muito elevado, sendo 1 a 3 o ideal. O pH deve ser \u00e1cido sem ultrapassar a neutralidade, pH7. Apesar de aceitar bem ilumina\u00e7\u00e3o moderada, uma ilumina\u00e7\u00e3o mais forte seria a ideal para essa planta. Prefere locais onde haja boa movimenta\u00e7\u00e3o da \u00e1gua, na natureza ela vegeta em rios de correnteza r\u00e1pida. Se fornecer um substrato \u00e1cido, ela se desenvolve melhor. Sua propaga\u00e7\u00e3o \u00e9 feita atrav\u00e9s de mudas que surgem no rizoma ou estol\u00f5es.<\/p>\n<\/div>\n<\/div>\n<p>&nbsp;<\/p>\n","protected":false},"excerpt":{"rendered":"<p>Planta relativamente dif\u00edcil de cultivo em aqu\u00e1rios, n\u00e3o tolera Kh muito elevado<\/p>\n<p>Mudas\/Ramos &#8211; 2<\/p>\n","protected":false},"featured_media":4229,"comment_status":"open","ping_status":"closed","template":"","meta":[],"product_cat":[147],"product_tag":[87,136],"class_list":{"0":"post-4228","1":"product","2":"type-product","3":"status-publish","4":"has-post-thumbnail","6":"product_cat-low-tech","7":"product_tag-live-plant","8":"product_tag-wild-interiors","10":"first","11":"instock","12":"sale","13":"purchasable","14":"product-type-simple"},"jetpack_sharing_enabled":true,"_links":{"self":[{"href":"https:\/\/plantas.vysual.com.br\/index.php\/wp-json\/wp\/v2\/product\/4228"}],"collection":[{"href":"https:\/\/plantas.vysual.com.br\/index.php\/wp-json\/wp\/v2\/product"}],"about":[{"href":"https:\/\/plantas.vysual.com.br\/index.php\/wp-json\/wp\/v2\/types\/product"}],"replies":[{"embeddable":true,"href":"https:\/\/plantas.vysual.com.br\/index.php\/wp-json\/wp\/v2\/comments?post=4228"}],"wp:featuredmedia":[{"embeddable":true,"href":"https:\/\/plantas.vysual.com.br\/index.php\/wp-json\/wp\/v2\/media\/4229"}],"wp:attachment":[{"href":"https:\/\/plantas.vysual.com.br\/index.php\/wp-json\/wp\/v2\/media?parent=4228"}],"wp:term":[{"taxonomy":"product_cat","embeddable":true,"href":"https:\/\/plantas.vysual.com.br\/index.php\/wp-json\/wp\/v2\/product_cat?post=4228"},{"taxonomy":"product_tag","embeddable":true,"href":"https:\/\/plantas.vysual.com.br\/index.php\/wp-json\/wp\/v2\/product_tag?post=4228"}],"curies":[{"name":"wp","href":"https:\/\/api.w.org\/{rel}","templated":true}]}}