{"id":4126,"date":"2023-11-29T15:16:53","date_gmt":"2023-11-29T18:16:53","guid":{"rendered":"https:\/\/plantas.vysual.com.br\/?post_type=product&#038;p=4126"},"modified":"2023-12-15T21:41:30","modified_gmt":"2023-12-16T00:41:30","slug":"arcorus-amarelo","status":"publish","type":"product","link":"https:\/\/plantas.vysual.com.br\/index.php\/product\/arcorus-amarelo\/","title":{"rendered":"Arcorus Amarelo"},"content":{"rendered":"<div class=\"elementor-element elementor-element-c7a40dd elementor-drop-cap-yes elementor-drop-cap-view-default elementor-widget elementor-widget-text-editor\" data-id=\"c7a40dd\" data-element_type=\"widget\" data-settings=\"{&quot;drop_cap&quot;:&quot;yes&quot;}\" data-widget_type=\"text-editor.default\">\n<div class=\"elementor-widget-container\"><b>Nome Popular:<\/b>\u00a0Acorus<\/div>\n<\/div>\n<div class=\"elementor-element elementor-element-e85d6bd elementor-drop-cap-yes elementor-drop-cap-view-default elementor-widget elementor-widget-text-editor\" data-id=\"e85d6bd\" data-element_type=\"widget\" data-settings=\"{&quot;drop_cap&quot;:&quot;yes&quot;}\" data-widget_type=\"text-editor.default\">\n<div class=\"elementor-widget-container\"><b>Outros nomes:<\/b>\u00a0Mini-c\u00e1lamo-do-jap\u00e3o, Acoro-gram\u00edneo, Junco-japon\u00eas<br \/>\nmuda com 6 folhas<\/div>\n<\/div>\n<div class=\"elementor-element elementor-element-603a2af elementor-icon-list--layout-inline elementor-align-left elementor-list-item-link-full_width elementor-widget elementor-widget-icon-list\" data-id=\"603a2af\" data-element_type=\"widget\" data-widget_type=\"icon-list.default\">\n<div class=\"elementor-widget-container\">\n<ul class=\"elementor-icon-list-items elementor-inline-items\">\n<li class=\"elementor-icon-list-item elementor-inline-item\"><span class=\"elementor-icon-list-text\">As folhas longas, estreitas e ligeiramente curvadas desta planta arbustiva podem crescer at\u00e9 30 cm de altura.<\/span><\/li>\n<li class=\"elementor-icon-list-item elementor-inline-item\"><span class=\"elementor-icon-list-text\">Em Espanhol<\/span><\/li>\n<li class=\"elementor-icon-list-item elementor-inline-item\"><span class=\"elementor-icon-list-text\">Em Ingl\u00eas<\/span><\/li>\n<\/ul>\n<\/div>\n<\/div>\n<div class=\"elementor-element elementor-element-75d7991 elementor-drop-cap-yes elementor-drop-cap-view-default elementor-widget elementor-widget-text-editor\" data-id=\"75d7991\" data-element_type=\"widget\" data-settings=\"{&quot;drop_cap&quot;:&quot;yes&quot;}\" data-widget_type=\"text-editor.default\">\n<div class=\"elementor-widget-container\"><b>Nome cient\u00edfico:<\/b><em>\u00a0Acorus gramineus<\/em><\/div>\n<\/div>\n<div class=\"elementor-element elementor-element-59ffc0d elementor-drop-cap-yes elementor-drop-cap-view-default elementor-widget elementor-widget-text-editor\" data-id=\"59ffc0d\" data-element_type=\"widget\" data-settings=\"{&quot;drop_cap&quot;:&quot;yes&quot;}\" data-widget_type=\"text-editor.default\">\n<div class=\"elementor-widget-container\"><\/div>\n<\/div>\n<div class=\"elementor-element elementor-element-e79ad0f elementor-drop-cap-yes elementor-drop-cap-view-default elementor-widget elementor-widget-text-editor\" data-id=\"e79ad0f\" data-element_type=\"widget\" data-settings=\"{&quot;drop_cap&quot;:&quot;yes&quot;}\" data-widget_type=\"text-editor.default\">\n<div class=\"elementor-widget-container\"><b>Fam\u00edlia:<\/b>\u00a0Acoraceae<\/div>\n<\/div>\n<div class=\"elementor-element elementor-element-9026476 elementor-drop-cap-yes elementor-drop-cap-view-default elementor-widget elementor-widget-text-editor\" data-id=\"9026476\" data-element_type=\"widget\" data-settings=\"{&quot;drop_cap&quot;:&quot;yes&quot;}\" data-widget_type=\"text-editor.default\">\n<div class=\"elementor-widget-container\"><b>Categoria:<\/b>\u00a0Folhagens,\u00a0Forra\u00e7\u00f5es \u00e0 Meia Sombra,\u00a0Gramados e Forra\u00e7\u00f5es,\u00a0Plantas Aqu\u00e1ticas,\u00a0Plantas Marginais,\u00a0Plantas Palustres<\/div>\n<\/div>\n<div class=\"elementor-element elementor-element-4c46667 elementor-drop-cap-yes elementor-drop-cap-view-default elementor-widget elementor-widget-text-editor\" data-id=\"4c46667\" data-element_type=\"widget\" data-settings=\"{&quot;drop_cap&quot;:&quot;yes&quot;}\" data-widget_type=\"text-editor.default\">\n<div class=\"elementor-widget-container\"><b>Clima:<\/b>\u00a0Oce\u00e2nico,\u00a0Subtropical,\u00a0Temperado,\u00a0Tropical<\/div>\n<\/div>\n<div class=\"elementor-element elementor-element-812f4eb elementor-drop-cap-yes elementor-drop-cap-view-default elementor-widget elementor-widget-text-editor\" data-id=\"812f4eb\" data-element_type=\"widget\" data-settings=\"{&quot;drop_cap&quot;:&quot;yes&quot;}\" data-widget_type=\"text-editor.default\">\n<div class=\"elementor-widget-container\"><b>Origem:<\/b>\u00a0\u00c1sia,\u00a0Birm\u00e2nia,\u00a0China,\u00a0Cor\u00e9ia do Norte,\u00a0Cor\u00e9ia do Sul,\u00a0Filipinas,\u00a0\u00cdndia,\u00a0Jap\u00e3o,\u00a0Oceania,\u00a0Tail\u00e2ndia,\u00a0Taiwan<\/div>\n<\/div>\n<div class=\"elementor-element elementor-element-f2d4ba7 elementor-drop-cap-yes elementor-drop-cap-view-default elementor-widget elementor-widget-text-editor\" data-id=\"f2d4ba7\" data-element_type=\"widget\" data-settings=\"{&quot;drop_cap&quot;:&quot;yes&quot;}\" data-widget_type=\"text-editor.default\">\n<div class=\"elementor-widget-container\"><b>Altura:<\/b>\u00a00.1 a 0.3 metros,\u00a00.3 a 0.4 metros,\u00a0menos de 15 cm<\/div>\n<\/div>\n<div class=\"elementor-element elementor-element-14d7aec elementor-drop-cap-yes elementor-drop-cap-view-default elementor-widget elementor-widget-text-editor\" data-id=\"14d7aec\" data-element_type=\"widget\" data-settings=\"{&quot;drop_cap&quot;:&quot;yes&quot;}\" data-widget_type=\"text-editor.default\">\n<div class=\"elementor-widget-container\"><b>Luminosidade:<\/b>\u00a0Meia Sombra,\u00a0Sol Pleno<\/div>\n<\/div>\n<div class=\"elementor-element elementor-element-929ea8e elementor-drop-cap-yes elementor-drop-cap-view-default elementor-widget elementor-widget-text-editor\" data-id=\"929ea8e\" data-element_type=\"widget\" data-settings=\"{&quot;drop_cap&quot;:&quot;yes&quot;}\" data-widget_type=\"text-editor.default\">\n<div class=\"elementor-widget-container\"><b>Ciclo de Vida:<\/b>\u00a0Perene<\/div>\n<\/div>\n<p>&nbsp;<\/p>\n<h1>Especifica\u00e7\u00f5es<\/h1>\n<p>Nome Cient\u00edfico:\u00a0Acorus gramineus;<\/p>\n<p>Muda com 6 ramos\/muda<\/p>\n<p>Outros nomes:\u00a0Dwarf sedge, Japanese rush, Japanese sweet flag<\/p>\n<p>Fam\u00edlia: Acoraceae ;<\/p>\n<p>Estrutura: Hastes;<\/p>\n<p>Origem: Leste da Asia e Jap\u00e3o;<\/p>\n<p>H\u00e1bito: Aqu\u00e1tica emergente;<\/p>\n<p>Tamanho: 15 a 30 cm de altura;<\/p>\n<p>Porte: M\u00e9dio;<\/p>\n<p>Temperatura da \u00c1gua: de 15 a 21 \u00baC;<\/p>\n<p>Ilumina\u00e7\u00e3o: Moderada;<\/p>\n<p>pH: de 6.0 a 7.5;<\/p>\n<p>Manuten\u00e7\u00e3o: F\u00e1cil;<\/p>\n<p>Crescimento: Lento;<\/p>\n<p>Plantio: Grupo;<\/p>\n<p>Substrato F\u00e9rtil: Sim;<\/p>\n<p>CO2: N\u00e3o necess\u00e1rio, mas recomend\u00e1vel;<\/p>\n<p>Propaga\u00e7\u00e3o: Se propaga atrav\u00e9s da divis\u00e3o dos Rizoma;<\/p>\n<p>Plantio: S\u00e3o plantas para serem plantadas na parte intermedi\u00e1ria e fundo do aqu\u00e1rio.<\/p>\n<p><b>***Imagem ilustrativa, as mudas podem ter tamanhos maiores e menores.<\/b><\/p>\n","protected":false},"excerpt":{"rendered":"<p><span class=\"elementor-icon-list-text\">As folhas longas, estreitas e ligeiramente curvadas desta planta arbustiva podem crescer at\u00e9 30 cm de altura.<\/span><\/p>\n<p>Mudas\/Ramos &#8211; 6<\/p>\n","protected":false},"featured_media":4127,"comment_status":"open","ping_status":"closed","template":"","meta":[],"product_cat":[149,147],"product_tag":[87,136],"class_list":{"0":"post-4126","1":"product","2":"type-product","3":"status-publish","4":"has-post-thumbnail","6":"product_cat-arcorus","7":"product_cat-low-tech","8":"product_tag-live-plant","9":"product_tag-wild-interiors","11":"first","12":"instock","13":"taxable","14":"shipping-taxable","15":"purchasable","16":"product-type-simple"},"jetpack_sharing_enabled":true,"_links":{"self":[{"href":"https:\/\/plantas.vysual.com.br\/index.php\/wp-json\/wp\/v2\/product\/4126"}],"collection":[{"href":"https:\/\/plantas.vysual.com.br\/index.php\/wp-json\/wp\/v2\/product"}],"about":[{"href":"https:\/\/plantas.vysual.com.br\/index.php\/wp-json\/wp\/v2\/types\/product"}],"replies":[{"embeddable":true,"href":"https:\/\/plantas.vysual.com.br\/index.php\/wp-json\/wp\/v2\/comments?post=4126"}],"wp:featuredmedia":[{"embeddable":true,"href":"https:\/\/plantas.vysual.com.br\/index.php\/wp-json\/wp\/v2\/media\/4127"}],"wp:attachment":[{"href":"https:\/\/plantas.vysual.com.br\/index.php\/wp-json\/wp\/v2\/media?parent=4126"}],"wp:term":[{"taxonomy":"product_cat","embeddable":true,"href":"https:\/\/plantas.vysual.com.br\/index.php\/wp-json\/wp\/v2\/product_cat?post=4126"},{"taxonomy":"product_tag","embeddable":true,"href":"https:\/\/plantas.vysual.com.br\/index.php\/wp-json\/wp\/v2\/product_tag?post=4126"}],"curies":[{"name":"wp","href":"https:\/\/api.w.org\/{rel}","templated":true}]}}